{"id":16673,"date":"2026-04-07T15:14:06","date_gmt":"2026-04-07T13:14:06","guid":{"rendered":"https:\/\/gr2026.ch\/?page_id=16673"},"modified":"2026-04-15T15:03:12","modified_gmt":"2026-04-15T13:03:12","slug":"gastronomia","status":"publish","type":"page","link":"https:\/\/gr2026.ch\/ro-ch\/gastronomia\/","title":{"rendered":"Gastronomia"},"content":{"rendered":"\t\t<div data-elementor-type=\"wp-page\" data-elementor-id=\"16673\" class=\"elementor elementor-16673 elementor-16543\" data-elementor-post-type=\"page\">\n\t\t\t\t\t\t<section class=\"elementor-section elementor-top-section elementor-element elementor-element-187435ed elementor-section-full_width elementor-section-height-min-height elementor-section-items-stretch elementor-section-height-default\" data-id=\"187435ed\" data-element_type=\"section\" data-e-type=\"section\" data-settings=\"{&quot;jet_parallax_layout_list&quot;:[],&quot;background_background&quot;:&quot;classic&quot;}\">\n\t\t\t\t\t\t<div class=\"elementor-container elementor-column-gap-no\">\n\t\t\t\t\t<div class=\"elementor-column elementor-col-100 elementor-top-column elementor-element elementor-element-14619110\" data-id=\"14619110\" data-element_type=\"column\" data-e-type=\"column\">\n\t\t\t<div class=\"elementor-widget-wrap elementor-element-populated\">\n\t\t\t\t\t\t<section class=\"elementor-section elementor-inner-section elementor-element elementor-element-4ed52842 elementor-section-full_width elementor-section-height-min-height elementor-section-content-middle elementor-section-height-default\" data-id=\"4ed52842\" data-element_type=\"section\" data-e-type=\"section\" data-settings=\"{&quot;jet_parallax_layout_list&quot;:[]}\">\n\t\t\t\t\t\t<div class=\"elementor-container elementor-column-gap-default\">\n\t\t\t\t\t<div class=\"elementor-column elementor-col-66 elementor-inner-column elementor-element elementor-element-6f2fbeec\" data-id=\"6f2fbeec\" data-element_type=\"column\" data-e-type=\"column\">\n\t\t\t<div class=\"elementor-widget-wrap elementor-element-populated\">\n\t\t\t\t\t\t<div class=\"elementor-element elementor-element-3c0ccf25 elementor-widget__width-auto elementor-widget elementor-widget-image\" data-id=\"3c0ccf25\" data-element_type=\"widget\" data-e-type=\"widget\" data-widget_type=\"image.default\">\n\t\t\t\t<div class=\"elementor-widget-container\">\n\t\t\t\t\t\t\t\t\t\t\t\t\t\t\t\t<a href=\"\/\">\n\t\t\t\t\t\t\t<img fetchpriority=\"high\" decoding=\"async\" width=\"860\" height=\"302\" src=\"https:\/\/gr2026.ch\/wp-content\/uploads\/2023\/11\/esf-logo-01-1.svg\" class=\"attachment-full size-full wp-image-2781\" alt=\"\" \/>\t\t\t\t\t\t\t\t<\/a>\n\t\t\t\t\t\t\t\t\t\t\t\t\t\t\t<\/div>\n\t\t\t\t<\/div>\n\t\t\t\t\t<\/div>\n\t\t<\/div>\n\t\t\t\t<div class=\"elementor-column elementor-col-33 elementor-inner-column elementor-element elementor-element-49444518\" data-id=\"49444518\" data-element_type=\"column\" data-e-type=\"column\" data-settings=\"{&quot;background_background&quot;:&quot;classic&quot;}\">\n\t\t\t<div class=\"elementor-widget-wrap\">\n\t\t\t\t\t\t\t<\/div>\n\t\t<\/div>\n\t\t\t\t\t<\/div>\n\t\t<\/section>\n\t\t\t\t\t<\/div>\n\t\t<\/div>\n\t\t\t\t\t<\/div>\n\t\t<\/section>\n\t\t\t\t<section class=\"elementor-section elementor-top-section elementor-element elementor-element-57bbe566 elementor-section-full_width elementor-section-height-default elementor-section-height-default\" data-id=\"57bbe566\" data-element_type=\"section\" data-e-type=\"section\" data-settings=\"{&quot;jet_parallax_layout_list&quot;:[],&quot;background_background&quot;:&quot;classic&quot;}\">\n\t\t\t\t\t\t<div class=\"elementor-container elementor-column-gap-default\">\n\t\t\t\t\t<div class=\"elementor-column elementor-col-100 elementor-top-column elementor-element elementor-element-2c459983\" data-id=\"2c459983\" data-element_type=\"column\" data-e-type=\"column\">\n\t\t\t<div class=\"elementor-widget-wrap elementor-element-populated\">\n\t\t\t\t\t\t<section class=\"elementor-section elementor-inner-section elementor-element elementor-element-74c93ef1 elementor-section-boxed elementor-section-height-default elementor-section-height-default\" data-id=\"74c93ef1\" data-element_type=\"section\" data-e-type=\"section\" data-settings=\"{&quot;jet_parallax_layout_list&quot;:[]}\">\n\t\t\t\t\t\t<div class=\"elementor-container elementor-column-gap-default\">\n\t\t\t\t\t<div class=\"elementor-column elementor-col-100 elementor-inner-column elementor-element elementor-element-347399a\" data-id=\"347399a\" data-element_type=\"column\" data-e-type=\"column\">\n\t\t\t<div class=\"elementor-widget-wrap elementor-element-populated\">\n\t\t\t\t\t\t<div class=\"elementor-element elementor-element-32ea39da elementor-widget__width-auto e-transform e-transform elementor-widget elementor-widget-jet-button\" data-id=\"32ea39da\" data-element_type=\"widget\" data-e-type=\"widget\" data-settings=\"{&quot;_transform_scale_effect&quot;:{&quot;unit&quot;:&quot;px&quot;,&quot;size&quot;:1,&quot;sizes&quot;:[]},&quot;_transform_translateX_effect_hover&quot;:{&quot;unit&quot;:&quot;px&quot;,&quot;size&quot;:5,&quot;sizes&quot;:[]},&quot;_transform_scale_effect_laptop&quot;:{&quot;unit&quot;:&quot;px&quot;,&quot;size&quot;:&quot;&quot;,&quot;sizes&quot;:[]},&quot;_transform_scale_effect_tablet&quot;:{&quot;unit&quot;:&quot;px&quot;,&quot;size&quot;:&quot;&quot;,&quot;sizes&quot;:[]},&quot;_transform_scale_effect_mobile&quot;:{&quot;unit&quot;:&quot;px&quot;,&quot;size&quot;:&quot;&quot;,&quot;sizes&quot;:[]},&quot;_transform_translateX_effect_hover_laptop&quot;:{&quot;unit&quot;:&quot;px&quot;,&quot;size&quot;:&quot;&quot;,&quot;sizes&quot;:[]},&quot;_transform_translateX_effect_hover_tablet&quot;:{&quot;unit&quot;:&quot;px&quot;,&quot;size&quot;:&quot;&quot;,&quot;sizes&quot;:[]},&quot;_transform_translateX_effect_hover_mobile&quot;:{&quot;unit&quot;:&quot;px&quot;,&quot;size&quot;:&quot;&quot;,&quot;sizes&quot;:[]},&quot;_transform_translateY_effect_hover&quot;:{&quot;unit&quot;:&quot;px&quot;,&quot;size&quot;:&quot;&quot;,&quot;sizes&quot;:[]},&quot;_transform_translateY_effect_hover_laptop&quot;:{&quot;unit&quot;:&quot;px&quot;,&quot;size&quot;:&quot;&quot;,&quot;sizes&quot;:[]},&quot;_transform_translateY_effect_hover_tablet&quot;:{&quot;unit&quot;:&quot;px&quot;,&quot;size&quot;:&quot;&quot;,&quot;sizes&quot;:[]},&quot;_transform_translateY_effect_hover_mobile&quot;:{&quot;unit&quot;:&quot;px&quot;,&quot;size&quot;:&quot;&quot;,&quot;sizes&quot;:[]}}\" data-widget_type=\"jet-button.default\">\n\t\t\t\t<div class=\"elementor-widget-container\">\n\t\t\t\t\t<div class=\"elementor-jet-button jet-elements\"><div class=\"jet-button__container\">\n\t<a class=\"jet-button__instance jet-button__instance--icon-left hover-effect-0\" href=\"https:\/\/gr2026.ch\/wp-content\/uploads\/2023\/11\/ESF2026_Sponsorendossier_A4_23_10_19.pdf\" target=\"_blank\">\n\t\t<div class=\"jet-button__plane jet-button__plane-normal\"><\/div>\n\t\t<div class=\"jet-button__plane jet-button__plane-hover\"><\/div>\n\t\t<div class=\"jet-button__state jet-button__state-normal\">\n\t\t\t<span class=\"jet-button__icon jet-elements-icon\"><svg xmlns=\"http:\/\/www.w3.org\/2000\/svg\" width=\"21\" height=\"10\" viewBox=\"0 0 21 10\" fill=\"none\"><path d=\"M0 3.926H17.431L15.631 2.168V0L20.316 4.864V4.923L15.63 9.786V7.618L17.402 5.889H0V3.926Z\" fill=\"#191919\"><\/path><\/svg><\/span><span class=\"jet-button__label\">Download Sponsorendossier<\/span>\t\t<\/div>\n\t\t<div class=\"jet-button__state jet-button__state-hover\">\n\t\t\t<span class=\"jet-button__icon jet-elements-icon\"><svg xmlns=\"http:\/\/www.w3.org\/2000\/svg\" width=\"21\" height=\"10\" viewBox=\"0 0 21 10\" fill=\"none\"><path d=\"M0 3.926H17.431L15.631 2.168V0L20.316 4.864V4.923L15.63 9.786V7.618L17.402 5.889H0V3.926Z\" fill=\"#191919\"><\/path><\/svg><\/span><span class=\"jet-button__label\">Download Sponsorendossier<\/span>\t\t<\/div>\n\t<\/a>\n<\/div>\n<\/div>\t\t\t\t<\/div>\n\t\t\t\t<\/div>\n\t\t\t\t\t<\/div>\n\t\t<\/div>\n\t\t\t\t\t<\/div>\n\t\t<\/section>\n\t\t\t\t\t<\/div>\n\t\t<\/div>\n\t\t\t\t\t<\/div>\n\t\t<\/section>\n\t\t\t\t<section class=\"elementor-section elementor-top-section elementor-element elementor-element-91d55c9 elementor-section-full_width elementor-section-height-default elementor-section-height-default\" data-id=\"91d55c9\" data-element_type=\"section\" data-e-type=\"section\" data-settings=\"{&quot;jet_parallax_layout_list&quot;:[],&quot;background_background&quot;:&quot;classic&quot;}\">\n\t\t\t\t\t\t<div class=\"elementor-container elementor-column-gap-default\">\n\t\t\t\t\t<div class=\"elementor-column elementor-col-100 elementor-top-column elementor-element elementor-element-b73fecc\" data-id=\"b73fecc\" data-element_type=\"column\" data-e-type=\"column\">\n\t\t\t<div class=\"elementor-widget-wrap elementor-element-populated\">\n\t\t\t\t\t\t<section class=\"elementor-section elementor-inner-section elementor-element elementor-element-f8caffb elementor-section-boxed elementor-section-height-default elementor-section-height-default\" data-id=\"f8caffb\" data-element_type=\"section\" data-e-type=\"section\" data-settings=\"{&quot;jet_parallax_layout_list&quot;:[]}\">\n\t\t\t\t\t\t<div class=\"elementor-container elementor-column-gap-default\">\n\t\t\t\t\t<div class=\"elementor-column elementor-col-100 elementor-inner-column elementor-element elementor-element-a7557dd\" data-id=\"a7557dd\" data-element_type=\"column\" data-e-type=\"column\">\n\t\t\t<div class=\"elementor-widget-wrap elementor-element-populated\">\n\t\t\t\t\t\t<div class=\"elementor-element elementor-element-d0d1c37 elementor-widget elementor-widget-text-editor\" data-id=\"d0d1c37\" data-element_type=\"widget\" data-e-type=\"widget\" data-widget_type=\"text-editor.default\">\n\t\t\t\t<div class=\"elementor-widget-container\">\n\t\t\t\t\t\t\t\t\t<p style=\"font-weight: 400;\">Sin la plazza da tir principala, en il center da festa a Cuira e sin tut las plazzas da tir ordaiferdatti ina purschida gastronomica. Ils temps d&#8217;avertura \u00e8n:<\/p><p style=\"font-weight: 400;\">Ils temps d&#8217;avertura \u00e8n:<\/p>\t\t\t\t\t\t\t\t<\/div>\n\t\t\t\t<\/div>\n\t\t\t\t<div class=\"elementor-element elementor-element-be60c9f elementor-widget elementor-widget-text-editor\" data-id=\"be60c9f\" data-element_type=\"widget\" data-e-type=\"widget\" data-widget_type=\"text-editor.default\">\n\t\t\t\t<div class=\"elementor-widget-container\">\n\t\t\t\t\t\t\t\t\t<p><strong><b><span class=\"s2\">Plazza da tir <\/span><span class=\"s2\">principala<\/span><span class=\"s2\"> e center da <\/span><span class=\"s2\">festa<\/span> <span class=\"s2\">Rossboden<\/span><span class=\"s2\"> Cuira<\/span><\/b><\/strong><\/p><table style=\"all: unset; display: table;\"><tbody><tr style=\"all: unset; display: table-row;\"><td style=\"all: unset; display: table-cell; padding-right: 10px;\">Bar da caf\u00e9, controlla da las armas \u00abAlte Kaserne\u00bb<\/td><td style=\"all: unset; display: table-cell;\">05:30 fin las 18:00<\/td><\/tr><tr style=\"all: unset; display: table-row;\"><td style=\"all: unset; display: table-cell; padding-right: 40px;\">Bar da caf\u00e9, center da festa stadion da halla<\/td><td style=\"all: unset; display: table-cell;\">\u200b06:00 fin las 21:30<\/td><\/tr><tr style=\"all: unset; display: table-row;\"><td style=\"all: unset; display: table-cell; padding-right: 40px;\">Restauraziun, tenda da festa \/ pasts durant l&#8217;entir di<\/td><td style=\"all: unset; display: table-cell;\">09:00 fin las 19:00<\/td><\/tr><tr style=\"all: unset; display: table-row;\"><td style=\"all: unset; display: table-cell; padding-right: 40px;\">Restauraziun, tenda festa \/ occurrenzas spezialas<\/td><td style=\"all: unset; display: table-cell;\">\u200btenor cunvegna cun il catering da l&#8217;ESF2026<\/td><\/tr><\/tbody><\/table><p><strong><br \/><span class=\"s2\">Plazzas da tir <\/span><span class=\"s2\">ordaifer<\/span><br \/><\/strong><\/p><table style=\"all: unset; display: table;\"><tbody><tr style=\"all: unset; display: table-row;\"><td style=\"all: unset; display: table-cell; padding-right: 10px;\">Restauraziun\/manaschi da festa<\/td><td style=\"all: unset; display: table-cell;\">a partir da las 06:30 fin las *<\/td><\/tr><\/tbody><\/table><p>* Ils temps d&#8217;avertura la saira sa drizzan tenor la preschientscha dals giasts.<\/p>\t\t\t\t\t\t\t\t<\/div>\n\t\t\t\t<\/div>\n\t\t\t\t<div class=\"elementor-element elementor-element-d0ef81a elementor-widget elementor-widget-spacer\" data-id=\"d0ef81a\" data-element_type=\"widget\" data-e-type=\"widget\" data-widget_type=\"spacer.default\">\n\t\t\t\t<div class=\"elementor-widget-container\">\n\t\t\t\t\t\t\t<div class=\"elementor-spacer\">\n\t\t\t<div class=\"elementor-spacer-inner\"><\/div>\n\t\t<\/div>\n\t\t\t\t\t\t<\/div>\n\t\t\t\t<\/div>\n\t\t\t\t<div class=\"elementor-element elementor-element-8921ca8 elementor-hidden-desktop elementor-hidden-laptop elementor-hidden-tablet elementor-hidden-mobile elementor-widget elementor-widget-heading\" data-id=\"8921ca8\" data-element_type=\"widget\" data-e-type=\"widget\" data-widget_type=\"heading.default\">\n\t\t\t\t<div class=\"elementor-widget-container\">\n\t\t\t\t\t<h2 class=\"elementor-heading-title elementor-size-default\">Anmeldeformulare f\u00fcr Teilnehmer- und Stichbestellung <\/h2>\t\t\t\t<\/div>\n\t\t\t\t<\/div>\n\t\t\t\t\t<\/div>\n\t\t<\/div>\n\t\t\t\t\t<\/div>\n\t\t<\/section>\n\t\t\t\t\t<\/div>\n\t\t<\/div>\n\t\t\t\t\t<\/div>\n\t\t<\/section>\n\t\t\t\t<\/div>\n\t\t","protected":false},"excerpt":{"rendered":"<p>Download Sponsorendossier Download Sponsorendossier Sin la plazza da tir principala, en il center da festa a Cuira e sin tut las plazzas da tir ordaiferdatti ina purschida gastronomica. Ils temps d&#8217;avertura \u00e8n: Ils temps d&#8217;avertura \u00e8n: Plazza da tir principala e center da festa Rossboden Cuira Bar da caf\u00e9, controlla da las armas \u00abAlte Kaserne\u00bb [&hellip;]<\/p>\n","protected":false},"author":1,"featured_media":0,"parent":0,"menu_order":10,"comment_status":"closed","ping_status":"closed","template":"","meta":{"_acf_changed":false,"footnotes":""},"class_list":["post-16673","page","type-page","status-publish","hentry"],"acf":[],"_links":{"self":[{"href":"https:\/\/gr2026.ch\/ro-ch\/wp-json\/wp\/v2\/pages\/16673","targetHints":{"allow":["GET"]}}],"collection":[{"href":"https:\/\/gr2026.ch\/ro-ch\/wp-json\/wp\/v2\/pages"}],"about":[{"href":"https:\/\/gr2026.ch\/ro-ch\/wp-json\/wp\/v2\/types\/page"}],"author":[{"embeddable":true,"href":"https:\/\/gr2026.ch\/ro-ch\/wp-json\/wp\/v2\/users\/1"}],"replies":[{"embeddable":true,"href":"https:\/\/gr2026.ch\/ro-ch\/wp-json\/wp\/v2\/comments?post=16673"}],"version-history":[{"count":7,"href":"https:\/\/gr2026.ch\/ro-ch\/wp-json\/wp\/v2\/pages\/16673\/revisions"}],"predecessor-version":[{"id":16688,"href":"https:\/\/gr2026.ch\/ro-ch\/wp-json\/wp\/v2\/pages\/16673\/revisions\/16688"}],"wp:attachment":[{"href":"https:\/\/gr2026.ch\/ro-ch\/wp-json\/wp\/v2\/media?parent=16673"}],"curies":[{"name":"wp","href":"https:\/\/api.w.org\/{rel}","templated":true}]}}