{"id":16671,"date":"2026-04-07T15:14:06","date_gmt":"2026-04-07T13:14:06","guid":{"rendered":"https:\/\/gr2026.ch\/?page_id=16671"},"modified":"2026-04-15T14:59:07","modified_gmt":"2026-04-15T12:59:07","slug":"restauration","status":"publish","type":"page","link":"https:\/\/gr2026.ch\/fr\/restauration\/","title":{"rendered":"Restauration"},"content":{"rendered":"\t\t<div data-elementor-type=\"wp-page\" data-elementor-id=\"16671\" class=\"elementor elementor-16671 elementor-16543\" data-elementor-post-type=\"page\">\n\t\t\t\t\t\t<section class=\"elementor-section elementor-top-section elementor-element elementor-element-187435ed elementor-section-full_width elementor-section-height-min-height elementor-section-items-stretch elementor-section-height-default\" data-id=\"187435ed\" data-element_type=\"section\" data-e-type=\"section\" data-settings=\"{&quot;jet_parallax_layout_list&quot;:[],&quot;background_background&quot;:&quot;classic&quot;}\">\n\t\t\t\t\t\t<div class=\"elementor-container elementor-column-gap-no\">\n\t\t\t\t\t<div class=\"elementor-column elementor-col-100 elementor-top-column elementor-element elementor-element-14619110\" data-id=\"14619110\" data-element_type=\"column\" data-e-type=\"column\">\n\t\t\t<div class=\"elementor-widget-wrap elementor-element-populated\">\n\t\t\t\t\t\t<section class=\"elementor-section elementor-inner-section elementor-element elementor-element-4ed52842 elementor-section-full_width elementor-section-height-min-height elementor-section-content-middle elementor-section-height-default\" data-id=\"4ed52842\" data-element_type=\"section\" data-e-type=\"section\" data-settings=\"{&quot;jet_parallax_layout_list&quot;:[]}\">\n\t\t\t\t\t\t<div class=\"elementor-container elementor-column-gap-default\">\n\t\t\t\t\t<div class=\"elementor-column elementor-col-66 elementor-inner-column elementor-element elementor-element-6f2fbeec\" data-id=\"6f2fbeec\" data-element_type=\"column\" data-e-type=\"column\">\n\t\t\t<div class=\"elementor-widget-wrap elementor-element-populated\">\n\t\t\t\t\t\t<div class=\"elementor-element elementor-element-3c0ccf25 elementor-widget__width-auto elementor-widget elementor-widget-image\" data-id=\"3c0ccf25\" data-element_type=\"widget\" data-e-type=\"widget\" data-widget_type=\"image.default\">\n\t\t\t\t<div class=\"elementor-widget-container\">\n\t\t\t\t\t\t\t\t\t\t\t\t\t\t\t\t<a href=\"\/\">\n\t\t\t\t\t\t\t<img fetchpriority=\"high\" decoding=\"async\" width=\"860\" height=\"302\" src=\"https:\/\/gr2026.ch\/wp-content\/uploads\/2023\/11\/esf-logo-01-1.svg\" class=\"attachment-full size-full wp-image-2779\" alt=\"\" \/>\t\t\t\t\t\t\t\t<\/a>\n\t\t\t\t\t\t\t\t\t\t\t\t\t\t\t<\/div>\n\t\t\t\t<\/div>\n\t\t\t\t\t<\/div>\n\t\t<\/div>\n\t\t\t\t<div class=\"elementor-column elementor-col-33 elementor-inner-column elementor-element elementor-element-49444518\" data-id=\"49444518\" data-element_type=\"column\" data-e-type=\"column\" data-settings=\"{&quot;background_background&quot;:&quot;classic&quot;}\">\n\t\t\t<div class=\"elementor-widget-wrap\">\n\t\t\t\t\t\t\t<\/div>\n\t\t<\/div>\n\t\t\t\t\t<\/div>\n\t\t<\/section>\n\t\t\t\t\t<\/div>\n\t\t<\/div>\n\t\t\t\t\t<\/div>\n\t\t<\/section>\n\t\t\t\t<section class=\"elementor-section elementor-top-section elementor-element elementor-element-57bbe566 elementor-section-full_width elementor-section-height-default elementor-section-height-default\" data-id=\"57bbe566\" data-element_type=\"section\" data-e-type=\"section\" data-settings=\"{&quot;jet_parallax_layout_list&quot;:[],&quot;background_background&quot;:&quot;classic&quot;}\">\n\t\t\t\t\t\t<div class=\"elementor-container elementor-column-gap-default\">\n\t\t\t\t\t<div class=\"elementor-column elementor-col-100 elementor-top-column elementor-element elementor-element-2c459983\" data-id=\"2c459983\" data-element_type=\"column\" data-e-type=\"column\">\n\t\t\t<div class=\"elementor-widget-wrap elementor-element-populated\">\n\t\t\t\t\t\t<section class=\"elementor-section elementor-inner-section elementor-element elementor-element-74c93ef1 elementor-section-boxed elementor-section-height-default elementor-section-height-default\" data-id=\"74c93ef1\" data-element_type=\"section\" data-e-type=\"section\" data-settings=\"{&quot;jet_parallax_layout_list&quot;:[]}\">\n\t\t\t\t\t\t<div class=\"elementor-container elementor-column-gap-default\">\n\t\t\t\t\t<div class=\"elementor-column elementor-col-100 elementor-inner-column elementor-element elementor-element-347399a\" data-id=\"347399a\" data-element_type=\"column\" data-e-type=\"column\">\n\t\t\t<div class=\"elementor-widget-wrap elementor-element-populated\">\n\t\t\t\t\t\t<div class=\"elementor-element elementor-element-32ea39da elementor-widget__width-auto e-transform e-transform elementor-widget elementor-widget-jet-button\" data-id=\"32ea39da\" data-element_type=\"widget\" data-e-type=\"widget\" data-settings=\"{&quot;_transform_scale_effect&quot;:{&quot;unit&quot;:&quot;px&quot;,&quot;size&quot;:1,&quot;sizes&quot;:[]},&quot;_transform_translateX_effect_hover&quot;:{&quot;unit&quot;:&quot;px&quot;,&quot;size&quot;:5,&quot;sizes&quot;:[]},&quot;_transform_scale_effect_laptop&quot;:{&quot;unit&quot;:&quot;px&quot;,&quot;size&quot;:&quot;&quot;,&quot;sizes&quot;:[]},&quot;_transform_scale_effect_tablet&quot;:{&quot;unit&quot;:&quot;px&quot;,&quot;size&quot;:&quot;&quot;,&quot;sizes&quot;:[]},&quot;_transform_scale_effect_mobile&quot;:{&quot;unit&quot;:&quot;px&quot;,&quot;size&quot;:&quot;&quot;,&quot;sizes&quot;:[]},&quot;_transform_translateX_effect_hover_laptop&quot;:{&quot;unit&quot;:&quot;px&quot;,&quot;size&quot;:&quot;&quot;,&quot;sizes&quot;:[]},&quot;_transform_translateX_effect_hover_tablet&quot;:{&quot;unit&quot;:&quot;px&quot;,&quot;size&quot;:&quot;&quot;,&quot;sizes&quot;:[]},&quot;_transform_translateX_effect_hover_mobile&quot;:{&quot;unit&quot;:&quot;px&quot;,&quot;size&quot;:&quot;&quot;,&quot;sizes&quot;:[]},&quot;_transform_translateY_effect_hover&quot;:{&quot;unit&quot;:&quot;px&quot;,&quot;size&quot;:&quot;&quot;,&quot;sizes&quot;:[]},&quot;_transform_translateY_effect_hover_laptop&quot;:{&quot;unit&quot;:&quot;px&quot;,&quot;size&quot;:&quot;&quot;,&quot;sizes&quot;:[]},&quot;_transform_translateY_effect_hover_tablet&quot;:{&quot;unit&quot;:&quot;px&quot;,&quot;size&quot;:&quot;&quot;,&quot;sizes&quot;:[]},&quot;_transform_translateY_effect_hover_mobile&quot;:{&quot;unit&quot;:&quot;px&quot;,&quot;size&quot;:&quot;&quot;,&quot;sizes&quot;:[]}}\" data-widget_type=\"jet-button.default\">\n\t\t\t\t<div class=\"elementor-widget-container\">\n\t\t\t\t\t<div class=\"elementor-jet-button jet-elements\"><div class=\"jet-button__container\">\n\t<a class=\"jet-button__instance jet-button__instance--icon-left hover-effect-0\" href=\"https:\/\/gr2026.ch\/wp-content\/uploads\/2023\/11\/ESF2026_Sponsorendossier_A4_23_10_19.pdf\" target=\"_blank\">\n\t\t<div class=\"jet-button__plane jet-button__plane-normal\"><\/div>\n\t\t<div class=\"jet-button__plane jet-button__plane-hover\"><\/div>\n\t\t<div class=\"jet-button__state jet-button__state-normal\">\n\t\t\t<span class=\"jet-button__icon jet-elements-icon\"><svg xmlns=\"http:\/\/www.w3.org\/2000\/svg\" width=\"21\" height=\"10\" viewBox=\"0 0 21 10\" fill=\"none\"><path d=\"M0 3.926H17.431L15.631 2.168V0L20.316 4.864V4.923L15.63 9.786V7.618L17.402 5.889H0V3.926Z\" fill=\"#191919\"><\/path><\/svg><\/span><span class=\"jet-button__label\">Download Sponsorendossier<\/span>\t\t<\/div>\n\t\t<div class=\"jet-button__state jet-button__state-hover\">\n\t\t\t<span class=\"jet-button__icon jet-elements-icon\"><svg xmlns=\"http:\/\/www.w3.org\/2000\/svg\" width=\"21\" height=\"10\" viewBox=\"0 0 21 10\" fill=\"none\"><path d=\"M0 3.926H17.431L15.631 2.168V0L20.316 4.864V4.923L15.63 9.786V7.618L17.402 5.889H0V3.926Z\" fill=\"#191919\"><\/path><\/svg><\/span><span class=\"jet-button__label\">Download Sponsorendossier<\/span>\t\t<\/div>\n\t<\/a>\n<\/div>\n<\/div>\t\t\t\t<\/div>\n\t\t\t\t<\/div>\n\t\t\t\t\t<\/div>\n\t\t<\/div>\n\t\t\t\t\t<\/div>\n\t\t<\/section>\n\t\t\t\t\t<\/div>\n\t\t<\/div>\n\t\t\t\t\t<\/div>\n\t\t<\/section>\n\t\t\t\t<section class=\"elementor-section elementor-top-section elementor-element elementor-element-91d55c9 elementor-section-full_width elementor-section-height-default elementor-section-height-default\" data-id=\"91d55c9\" data-element_type=\"section\" data-e-type=\"section\" data-settings=\"{&quot;jet_parallax_layout_list&quot;:[],&quot;background_background&quot;:&quot;classic&quot;}\">\n\t\t\t\t\t\t<div class=\"elementor-container elementor-column-gap-default\">\n\t\t\t\t\t<div class=\"elementor-column elementor-col-100 elementor-top-column elementor-element elementor-element-b73fecc\" data-id=\"b73fecc\" data-element_type=\"column\" data-e-type=\"column\">\n\t\t\t<div class=\"elementor-widget-wrap elementor-element-populated\">\n\t\t\t\t\t\t<section class=\"elementor-section elementor-inner-section elementor-element elementor-element-f8caffb elementor-section-boxed elementor-section-height-default elementor-section-height-default\" data-id=\"f8caffb\" data-element_type=\"section\" data-e-type=\"section\" data-settings=\"{&quot;jet_parallax_layout_list&quot;:[]}\">\n\t\t\t\t\t\t<div class=\"elementor-container elementor-column-gap-default\">\n\t\t\t\t\t<div class=\"elementor-column elementor-col-100 elementor-inner-column elementor-element elementor-element-a7557dd\" data-id=\"a7557dd\" data-element_type=\"column\" data-e-type=\"column\">\n\t\t\t<div class=\"elementor-widget-wrap elementor-element-populated\">\n\t\t\t\t\t\t<div class=\"elementor-element elementor-element-d0d1c37 elementor-widget elementor-widget-text-editor\" data-id=\"d0d1c37\" data-element_type=\"widget\" data-e-type=\"widget\" data-widget_type=\"text-editor.default\">\n\t\t\t\t<div class=\"elementor-widget-container\">\n\t\t\t\t\t\t\t\t\t<p style=\"font-weight: 400;\">Des services de restauration sont propos\u00e9s sur le stand de tir principal et au Centre de f\u00eate \u00e0 Coire, ainsi que sur tous les stands de tir ext\u00e9rieurs. <br \/><br \/>Les horaires d&rsquo;ouverture sont les suivants :<\/p>\t\t\t\t\t\t\t\t<\/div>\n\t\t\t\t<\/div>\n\t\t\t\t<div class=\"elementor-element elementor-element-be60c9f elementor-widget elementor-widget-text-editor\" data-id=\"be60c9f\" data-element_type=\"widget\" data-e-type=\"widget\" data-widget_type=\"text-editor.default\">\n\t\t\t\t<div class=\"elementor-widget-container\">\n\t\t\t\t\t\t\t\t\t<p><strong><b><span class=\"s2\">Stand de tir principal et <\/span><span class=\"s2\">Centre de f\u00eate <\/span><span class=\"s2\">Rossboden<\/span> <span class=\"s2\">\u00e0 Coire<\/span><\/b><\/strong><\/p><table style=\"all: unset; display: table;\"><tbody><tr style=\"all: unset; display: table-row;\"><td style=\"all: unset; display: table-cell; padding-right: 10px;\">Bar \u00e0 caf\u00e9 &#8211; Contr\u00f4le des armes \u00ab\u00a0Alte Kaserne\u00a0\u00bb<\/td><td style=\"all: unset; display: table-cell;\">\u200bde 5h30 \u00e0 18h00<\/td><\/tr><tr style=\"all: unset; display: table-row;\"><td style=\"all: unset; display: table-cell; padding-right: 40px;\">Bar \u00e0 caf\u00e9 Centre de f\u00eate \u00ab\u00a0Hallenstadion\u00a0\u00bb<\/td><td style=\"all: unset; display: table-cell;\">de 6h00 \u00e0 21h30<\/td><\/tr><tr style=\"all: unset; display: table-row;\"><td style=\"all: unset; display: table-cell; padding-right: 40px;\">Restauration chapiteau\/restauration journali\u00e8re Festzelt\/Tagesverpflegung<\/td><td style=\"all: unset; display: table-cell;\">de 9h00 \u00e0 19h00<\/td><\/tr><tr style=\"all: unset; display: table-row;\"><td style=\"all: unset; display: table-cell; padding-right: 40px;\">Restauration chapiteau\/\u00e9v\u00e9nements sp\u00e9ciaux<\/td><td style=\"all: unset; display: table-cell;\">en accord avec le traiteur de la FFT2026<\/td><\/tr><\/tbody><\/table><p><strong><br \/><b>Stands de tir ext\u00e9rieurs<\/b><\/strong><\/p><table style=\"all: unset; display: table;\"><tbody><tr style=\"all: unset; display: table-row;\"><td style=\"all: unset; display: table-cell; padding-right: 10px;\">Restauration\/service de f\u00eate<\/td><td style=\"all: unset; display: table-cell;\">\u200bde 06h30 \u00e0 *<\/td><\/tr><\/tbody><\/table><p>* Les horaires d&rsquo;ouverture en soir\u00e9e d\u00e9pendent de la pr\u00e9sence des invit\u00e9s.<\/p>\t\t\t\t\t\t\t\t<\/div>\n\t\t\t\t<\/div>\n\t\t\t\t<div class=\"elementor-element elementor-element-d0ef81a elementor-widget elementor-widget-spacer\" data-id=\"d0ef81a\" data-element_type=\"widget\" data-e-type=\"widget\" data-widget_type=\"spacer.default\">\n\t\t\t\t<div class=\"elementor-widget-container\">\n\t\t\t\t\t\t\t<div class=\"elementor-spacer\">\n\t\t\t<div class=\"elementor-spacer-inner\"><\/div>\n\t\t<\/div>\n\t\t\t\t\t\t<\/div>\n\t\t\t\t<\/div>\n\t\t\t\t<div class=\"elementor-element elementor-element-8921ca8 elementor-hidden-desktop elementor-hidden-laptop elementor-hidden-tablet elementor-hidden-mobile elementor-widget elementor-widget-heading\" data-id=\"8921ca8\" data-element_type=\"widget\" data-e-type=\"widget\" data-widget_type=\"heading.default\">\n\t\t\t\t<div class=\"elementor-widget-container\">\n\t\t\t\t\t<h2 class=\"elementor-heading-title elementor-size-default\">Anmeldeformulare f\u00fcr Teilnehmer- und Stichbestellung <\/h2>\t\t\t\t<\/div>\n\t\t\t\t<\/div>\n\t\t\t\t\t<\/div>\n\t\t<\/div>\n\t\t\t\t\t<\/div>\n\t\t<\/section>\n\t\t\t\t\t<\/div>\n\t\t<\/div>\n\t\t\t\t\t<\/div>\n\t\t<\/section>\n\t\t\t\t<\/div>\n\t\t","protected":false},"excerpt":{"rendered":"<p>Download Sponsorendossier Download Sponsorendossier Des services de restauration sont propos\u00e9s sur le stand de tir principal et au Centre de f\u00eate \u00e0 Coire, ainsi que sur tous les stands de tir ext\u00e9rieurs. Les horaires d&rsquo;ouverture sont les suivants : Stand de tir principal et Centre de f\u00eate Rossboden \u00e0 Coire Bar \u00e0 caf\u00e9 &#8211; Contr\u00f4le [&hellip;]<\/p>\n","protected":false},"author":1,"featured_media":0,"parent":0,"menu_order":10,"comment_status":"closed","ping_status":"closed","template":"","meta":{"_acf_changed":false,"footnotes":""},"class_list":["post-16671","page","type-page","status-publish","hentry"],"acf":[],"_links":{"self":[{"href":"https:\/\/gr2026.ch\/fr\/wp-json\/wp\/v2\/pages\/16671","targetHints":{"allow":["GET"]}}],"collection":[{"href":"https:\/\/gr2026.ch\/fr\/wp-json\/wp\/v2\/pages"}],"about":[{"href":"https:\/\/gr2026.ch\/fr\/wp-json\/wp\/v2\/types\/page"}],"author":[{"embeddable":true,"href":"https:\/\/gr2026.ch\/fr\/wp-json\/wp\/v2\/users\/1"}],"replies":[{"embeddable":true,"href":"https:\/\/gr2026.ch\/fr\/wp-json\/wp\/v2\/comments?post=16671"}],"version-history":[{"count":4,"href":"https:\/\/gr2026.ch\/fr\/wp-json\/wp\/v2\/pages\/16671\/revisions"}],"predecessor-version":[{"id":16682,"href":"https:\/\/gr2026.ch\/fr\/wp-json\/wp\/v2\/pages\/16671\/revisions\/16682"}],"wp:attachment":[{"href":"https:\/\/gr2026.ch\/fr\/wp-json\/wp\/v2\/media?parent=16671"}],"curies":[{"name":"wp","href":"https:\/\/api.w.org\/{rel}","templated":true}]}}