{"id":13661,"date":"2025-09-15T14:46:01","date_gmt":"2025-09-15T12:46:01","guid":{"rendered":"https:\/\/gr2026.ch\/?page_id=13661"},"modified":"2025-11-11T09:14:38","modified_gmt":"2025-11-11T08:14:38","slug":"videos","status":"publish","type":"page","link":"https:\/\/gr2026.ch\/fr\/videos\/","title":{"rendered":"Vid\u00e9os"},"content":{"rendered":"\t\t<div data-elementor-type=\"wp-page\" data-elementor-id=\"13661\" class=\"elementor elementor-13661 elementor-13652\" data-elementor-post-type=\"page\">\n\t\t\t\t\t\t<section class=\"elementor-section elementor-top-section elementor-element elementor-element-9b4668a elementor-section-full_width elementor-section-height-min-height elementor-section-items-stretch elementor-section-height-default\" data-id=\"9b4668a\" data-element_type=\"section\" data-e-type=\"section\" data-settings=\"{&quot;jet_parallax_layout_list&quot;:[],&quot;background_background&quot;:&quot;classic&quot;}\">\n\t\t\t\t\t\t<div class=\"elementor-container elementor-column-gap-no\">\n\t\t\t\t\t<div class=\"elementor-column elementor-col-100 elementor-top-column elementor-element elementor-element-7f17198\" data-id=\"7f17198\" data-element_type=\"column\" data-e-type=\"column\">\n\t\t\t<div class=\"elementor-widget-wrap elementor-element-populated\">\n\t\t\t\t\t\t<section class=\"elementor-section elementor-inner-section elementor-element elementor-element-076c59c elementor-section-full_width elementor-section-height-min-height elementor-section-content-middle elementor-section-height-default\" data-id=\"076c59c\" data-element_type=\"section\" data-e-type=\"section\" data-settings=\"{&quot;jet_parallax_layout_list&quot;:[]}\">\n\t\t\t\t\t\t<div class=\"elementor-container elementor-column-gap-default\">\n\t\t\t\t\t<div class=\"elementor-column elementor-col-66 elementor-inner-column elementor-element elementor-element-e0c0e33\" data-id=\"e0c0e33\" data-element_type=\"column\" data-e-type=\"column\">\n\t\t\t<div class=\"elementor-widget-wrap elementor-element-populated\">\n\t\t\t\t\t\t<div class=\"elementor-element elementor-element-35e8940 elementor-widget__width-auto elementor-widget elementor-widget-image\" data-id=\"35e8940\" data-element_type=\"widget\" data-e-type=\"widget\" data-widget_type=\"image.default\">\n\t\t\t\t<div class=\"elementor-widget-container\">\n\t\t\t\t\t\t\t\t\t\t\t\t\t\t\t\t<a href=\"\/fr\">\n\t\t\t\t\t\t\t<img fetchpriority=\"high\" decoding=\"async\" width=\"860\" height=\"280\" src=\"https:\/\/gr2026.ch\/wp-content\/uploads\/2023\/11\/ESF_2026_Schriftzug_RGB_FR-1.svg\" class=\"attachment-full size-full wp-image-3990\" alt=\"\" \/>\t\t\t\t\t\t\t\t<\/a>\n\t\t\t\t\t\t\t\t\t\t\t\t\t\t\t<\/div>\n\t\t\t\t<\/div>\n\t\t\t\t\t<\/div>\n\t\t<\/div>\n\t\t\t\t<div class=\"elementor-column elementor-col-33 elementor-inner-column elementor-element elementor-element-cf0ef92\" data-id=\"cf0ef92\" data-element_type=\"column\" data-e-type=\"column\" data-settings=\"{&quot;background_background&quot;:&quot;classic&quot;}\">\n\t\t\t<div class=\"elementor-widget-wrap\">\n\t\t\t\t\t\t\t<\/div>\n\t\t<\/div>\n\t\t\t\t\t<\/div>\n\t\t<\/section>\n\t\t\t\t\t<\/div>\n\t\t<\/div>\n\t\t\t\t\t<\/div>\n\t\t<\/section>\n\t\t\t\t<section class=\"elementor-section elementor-top-section elementor-element elementor-element-2577e6e elementor-section-boxed elementor-section-height-default elementor-section-height-default\" data-id=\"2577e6e\" data-element_type=\"section\" data-e-type=\"section\" data-settings=\"{&quot;jet_parallax_layout_list&quot;:[],&quot;background_background&quot;:&quot;classic&quot;}\">\n\t\t\t\t\t\t<div class=\"elementor-container elementor-column-gap-default\">\n\t\t\t\t\t<div class=\"elementor-column elementor-col-100 elementor-top-column elementor-element elementor-element-1f91714\" data-id=\"1f91714\" data-element_type=\"column\" data-e-type=\"column\">\n\t\t\t<div class=\"elementor-widget-wrap elementor-element-populated\">\n\t\t\t\t\t\t<div class=\"elementor-element elementor-element-4d266ce elementor-widget elementor-widget-heading\" data-id=\"4d266ce\" data-element_type=\"widget\" data-e-type=\"widget\" data-widget_type=\"heading.default\">\n\t\t\t\t<div class=\"elementor-widget-container\">\n\t\t\t\t\t<h1 class=\"elementor-heading-title elementor-size-default\">Vid\u00e9os<\/h1>\t\t\t\t<\/div>\n\t\t\t\t<\/div>\n\t\t\t\t\t<\/div>\n\t\t<\/div>\n\t\t\t\t\t<\/div>\n\t\t<\/section>\n\t\t\t\t<section class=\"elementor-section elementor-top-section elementor-element elementor-element-a6295c5 elementor-section-boxed elementor-section-height-default elementor-section-height-default\" data-id=\"a6295c5\" data-element_type=\"section\" data-e-type=\"section\" data-settings=\"{&quot;jet_parallax_layout_list&quot;:[],&quot;background_background&quot;:&quot;classic&quot;}\">\n\t\t\t\t\t\t<div class=\"elementor-container elementor-column-gap-default\">\n\t\t\t\t\t<div class=\"elementor-column elementor-col-100 elementor-top-column elementor-element elementor-element-f3d7a32\" data-id=\"f3d7a32\" data-element_type=\"column\" data-e-type=\"column\">\n\t\t\t<div class=\"elementor-widget-wrap elementor-element-populated\">\n\t\t\t\t\t\t<div class=\"elementor-element elementor-element-5b21341 elementor-widget elementor-widget-heading\" data-id=\"5b21341\" data-element_type=\"widget\" data-e-type=\"widget\" data-widget_type=\"heading.default\">\n\t\t\t\t<div class=\"elementor-widget-container\">\n\t\t\t\t\t<h1 class=\"elementor-heading-title elementor-size-default\">Chiara Leone <br>\nLa championne olympique \u00e0 la F\u00eate f\u00e9d\u00e9rale de tir 2026 <\/h1>\t\t\t\t<\/div>\n\t\t\t\t<\/div>\n\t\t\t\t<div class=\"elementor-element elementor-element-5a9617e elementor-widget elementor-widget-text-editor\" data-id=\"5a9617e\" data-element_type=\"widget\" data-e-type=\"widget\" data-widget_type=\"text-editor.default\">\n\t\t\t\t<div class=\"elementor-widget-container\">\n\t\t\t\t\t\t\t\t\t<p>Chiara Leone compte parmi les meilleures et plus performantes des tireuses sportives de Suisse. N\u00e9e en 1998 et originaire du canton d\u2019Argovie, elle est l\u2019une des meilleures athl\u00e8tes au monde du tir aux disciplines de la Carabine \u00e0 air comprim\u00e9 10m, de la Comp\u00e9tition \u00e0 trois positions et de la Carabine petit calibre 50m. C\u2019est en 2024 qu\u2019elle est entr\u00e9e dans l\u2019histoire des Jeux olympiques en reportant la M\u00e9daille d\u2019or \u00e0 la Comp\u00e9tition \u00e0 trois positions de la discipline Carabine 50m. Avec cette excellente performance, elle a en m\u00eame temps remport\u00e9 une \u00e9tape importante pour le tir suisse. Dans la vid\u00e9o ci-jointe, Chiara parle de ses impressions, tout en se r\u00e9jouissant de participer \u00e0 la F\u00eate f\u00e9d\u00e9rale de tir 2026, \u00e0 Coire. Soyez aussi de la partie et profitez de cette occasion sp\u00e9ciale !<\/p>\t\t\t\t\t\t\t\t<\/div>\n\t\t\t\t<\/div>\n\t\t\t\t<div class=\"elementor-element elementor-element-e31859c elementor-widget elementor-widget-video\" data-id=\"e31859c\" data-element_type=\"widget\" data-e-type=\"widget\" data-settings=\"{&quot;youtube_url&quot;:&quot;https:\\\/\\\/www.youtube.com\\\/shorts\\\/P8-NcP5U-bE&quot;,&quot;lazy_load&quot;:&quot;yes&quot;,&quot;video_type&quot;:&quot;youtube&quot;,&quot;controls&quot;:&quot;yes&quot;}\" data-widget_type=\"video.default\">\n\t\t\t\t<div class=\"elementor-widget-container\">\n\t\t\t\t\t\t\t<div class=\"elementor-wrapper elementor-open-inline\">\n\t\t\t<div class=\"elementor-video\"><\/div>\t\t<\/div>\n\t\t\t\t\t\t<\/div>\n\t\t\t\t<\/div>\n\t\t\t\t\t<\/div>\n\t\t<\/div>\n\t\t\t\t\t<\/div>\n\t\t<\/section>\n\t\t\t\t<section class=\"elementor-section elementor-top-section elementor-element elementor-element-d42c514 elementor-section-boxed elementor-section-height-default elementor-section-height-default\" data-id=\"d42c514\" data-element_type=\"section\" data-e-type=\"section\" data-settings=\"{&quot;jet_parallax_layout_list&quot;:[],&quot;background_background&quot;:&quot;classic&quot;}\">\n\t\t\t\t\t\t<div class=\"elementor-container elementor-column-gap-default\">\n\t\t\t\t\t<div class=\"elementor-column elementor-col-100 elementor-top-column elementor-element elementor-element-3fe830b\" data-id=\"3fe830b\" data-element_type=\"column\" data-e-type=\"column\">\n\t\t\t<div class=\"elementor-widget-wrap elementor-element-populated\">\n\t\t\t\t\t\t<div class=\"elementor-element elementor-element-262fb99 elementor-widget elementor-widget-heading\" data-id=\"262fb99\" data-element_type=\"widget\" data-e-type=\"widget\" data-widget_type=\"heading.default\">\n\t\t\t\t<div class=\"elementor-widget-container\">\n\t\t\t\t\t<h1 class=\"elementor-heading-title elementor-size-default\">Un retour \u00e0 l\u2019an 1985 <\/h1>\t\t\t\t<\/div>\n\t\t\t\t<\/div>\n\t\t\t\t<div class=\"elementor-element elementor-element-779488d elementor-widget elementor-widget-text-editor\" data-id=\"779488d\" data-element_type=\"widget\" data-e-type=\"widget\" data-widget_type=\"text-editor.default\">\n\t\t\t\t<div class=\"elementor-widget-container\">\n\t\t\t\t\t\t\t\t\t<p>En 1985, une F\u00eate f\u00e9d\u00e9rale de tir a d\u00e9j\u00e0 eu lieu \u00e0 Coire. A cette \u00e9poque d\u00e9j\u00e0, il s\u2019agissait de l\u2019une des plus grandes manifestations sportives et en m\u00eame temps de l\u2019une des f\u00eates traditionnelles de plus populaires de Suisse.<\/p><p>Les reportages de la Radio et T\u00e9l\u00e9vision SRF nous rem\u00e9morent cet \u00e9v\u00e9nement avec des enregistrements r\u00e9alis\u00e9s il y a plus de 40 ans.<\/p>\t\t\t\t\t\t\t\t<\/div>\n\t\t\t\t<\/div>\n\t\t\t\t<div class=\"elementor-element elementor-element-b45d09c elementor-widget elementor-widget-video\" data-id=\"b45d09c\" data-element_type=\"widget\" data-e-type=\"widget\" data-settings=\"{&quot;youtube_url&quot;:&quot;https:\\\/\\\/www.youtube.com\\\/watch?v=E7bZbjA2DIg&quot;,&quot;lazy_load&quot;:&quot;yes&quot;,&quot;video_type&quot;:&quot;youtube&quot;,&quot;controls&quot;:&quot;yes&quot;}\" data-widget_type=\"video.default\">\n\t\t\t\t<div class=\"elementor-widget-container\">\n\t\t\t\t\t\t\t<div class=\"elementor-wrapper elementor-open-inline\">\n\t\t\t<div class=\"elementor-video\"><\/div>\t\t<\/div>\n\t\t\t\t\t\t<\/div>\n\t\t\t\t<\/div>\n\t\t\t\t\t<\/div>\n\t\t<\/div>\n\t\t\t\t\t<\/div>\n\t\t<\/section>\n\t\t\t\t<\/div>\n\t\t","protected":false},"excerpt":{"rendered":"<p>Vid\u00e9os Chiara Leone La championne olympique \u00e0 la F\u00eate f\u00e9d\u00e9rale de tir 2026 Chiara Leone compte parmi les meilleures et plus performantes des tireuses sportives de Suisse. N\u00e9e en 1998 et originaire du canton d\u2019Argovie, elle est l\u2019une des meilleures athl\u00e8tes au monde du tir aux disciplines de la Carabine \u00e0 air comprim\u00e9 10m, de [&hellip;]<\/p>\n","protected":false},"author":1,"featured_media":0,"parent":0,"menu_order":5,"comment_status":"closed","ping_status":"closed","template":"","meta":{"_acf_changed":false,"footnotes":""},"class_list":["post-13661","page","type-page","status-publish","hentry"],"acf":[],"_links":{"self":[{"href":"https:\/\/gr2026.ch\/fr\/wp-json\/wp\/v2\/pages\/13661","targetHints":{"allow":["GET"]}}],"collection":[{"href":"https:\/\/gr2026.ch\/fr\/wp-json\/wp\/v2\/pages"}],"about":[{"href":"https:\/\/gr2026.ch\/fr\/wp-json\/wp\/v2\/types\/page"}],"author":[{"embeddable":true,"href":"https:\/\/gr2026.ch\/fr\/wp-json\/wp\/v2\/users\/1"}],"replies":[{"embeddable":true,"href":"https:\/\/gr2026.ch\/fr\/wp-json\/wp\/v2\/comments?post=13661"}],"version-history":[{"count":16,"href":"https:\/\/gr2026.ch\/fr\/wp-json\/wp\/v2\/pages\/13661\/revisions"}],"predecessor-version":[{"id":14696,"href":"https:\/\/gr2026.ch\/fr\/wp-json\/wp\/v2\/pages\/13661\/revisions\/14696"}],"wp:attachment":[{"href":"https:\/\/gr2026.ch\/fr\/wp-json\/wp\/v2\/media?parent=13661"}],"curies":[{"name":"wp","href":"https:\/\/api.w.org\/{rel}","templated":true}]}}